{"id":1951,"date":"2020-01-23T20:59:21","date_gmt":"2020-01-23T20:59:21","guid":{"rendered":"http:\/\/localhost:8000\/?page_id=1951"},"modified":"2020-05-29T17:55:45","modified_gmt":"2020-05-29T17:55:45","slug":"members","status":"publish","type":"page","link":"https:\/\/apademar.org\/en\/members\/","title":{"rendered":"Members"},"content":{"rendered":"<div class=\"wpb-content-wrapper\"><p>[vc_row css=&#8221;.vc_custom_1589399168128{margin-bottom: 60px !important;padding-top: 60px !important;padding-bottom: 40px !important;}&#8221;][vc_column][vc_custom_heading text=&#8221;Members&#8221; font_container=&#8221;tag:h1|text_align:left&#8221; use_theme_fonts=&#8221;yes&#8221; el_class=&#8221;text-uppercase&#8221;][vc_row_inner][vc_column_inner][stm_staff_list category=&#8221;miembros&#8221; style=&#8221;grid&#8221; per_row=&#8221;3&#8243; count=&#8221;-1&#8243;][\/vc_column_inner][\/vc_row_inner][\/vc_column][\/vc_row]<\/p>\n<\/div>","protected":false},"excerpt":{"rendered":"<p>[vc_row css=&#8221;.vc_custom_1589399168128{margin-bottom: 60px !important;padding-top: 60px !important;padding-bottom: 40px !important;}&#8221;][vc_column][vc_custom_heading text=&#8221;Members&#8221; font_container=&#8221;tag:h1|text_align:left&#8221; use_theme_fonts=&#8221;yes&#8221; el_class=&#8221;text-uppercase&#8221;][vc_row_inner][vc_column_inner][stm_staff_list category=&#8221;miembros&#8221; style=&#8221;grid&#8221; per_row=&#8221;3&#8243; count=&#8221;-1&#8243;][\/vc_column_inner][\/vc_row_inner][\/vc_column][\/vc_row]<\/p>\n","protected":false},"author":1,"featured_media":0,"parent":0,"menu_order":0,"comment_status":"closed","ping_status":"closed","template":"","meta":{"footnotes":""},"class_list":["post-1951","page","type-page","status-publish","hentry"],"yoast_head":"<!-- This site is optimized with the Yoast SEO plugin v26.6 - https:\/\/yoast.com\/wordpress\/plugins\/seo\/ -->\n<title>Members - Apademar<\/title>\n<meta name=\"description\" content=\"La Asociaci\u00f3n Paname\u00f1a de Derecho Mar\u00edtimo (APADEMAR) es una asociaci\u00f3n sin fines de lucro que agrupa, entre otros, a los profesionales del derecho que ejercen dentro del campo de derecho mar\u00edtimo.\" \/>\n<meta name=\"robots\" content=\"index, follow, max-snippet:-1, max-image-preview:large, max-video-preview:-1\" \/>\n<link rel=\"canonical\" href=\"https:\/\/apademar.org\/en\/members\/\" \/>\n<meta property=\"og:locale\" content=\"en_US\" \/>\n<meta property=\"og:type\" content=\"article\" \/>\n<meta property=\"og:title\" content=\"Members - Apademar\" \/>\n<meta property=\"og:description\" content=\"La Asociaci\u00f3n Paname\u00f1a de Derecho Mar\u00edtimo (APADEMAR) es una asociaci\u00f3n sin fines de lucro que agrupa, entre otros, a los profesionales del derecho que ejercen dentro del campo de derecho mar\u00edtimo.\" \/>\n<meta property=\"og:url\" content=\"https:\/\/apademar.org\/en\/members\/\" \/>\n<meta property=\"og:site_name\" content=\"Apademar\" \/>\n<meta property=\"article:modified_time\" content=\"2020-05-29T17:55:45+00:00\" \/>\n<meta name=\"twitter:card\" content=\"summary_large_image\" \/>\n<script type=\"application\/ld+json\" class=\"yoast-schema-graph\">{\"@context\":\"https:\/\/schema.org\",\"@graph\":[{\"@type\":\"WebPage\",\"@id\":\"https:\/\/apademar.org\/en\/members\/\",\"url\":\"https:\/\/apademar.org\/en\/members\/\",\"name\":\"Members - Apademar\",\"isPartOf\":{\"@id\":\"\/#website\"},\"datePublished\":\"2020-01-23T20:59:21+00:00\",\"dateModified\":\"2020-05-29T17:55:45+00:00\",\"description\":\"La Asociaci\u00f3n Paname\u00f1a de Derecho Mar\u00edtimo (APADEMAR) es una asociaci\u00f3n sin fines de lucro que agrupa, entre otros, a los profesionales del derecho que ejercen dentro del campo de derecho mar\u00edtimo.\",\"breadcrumb\":{\"@id\":\"https:\/\/apademar.org\/en\/members\/#breadcrumb\"},\"inLanguage\":\"en-US\",\"potentialAction\":[{\"@type\":\"ReadAction\",\"target\":[\"https:\/\/apademar.org\/en\/members\/\"]}]},{\"@type\":\"BreadcrumbList\",\"@id\":\"https:\/\/apademar.org\/en\/members\/#breadcrumb\",\"itemListElement\":[{\"@type\":\"ListItem\",\"position\":1,\"name\":\"Portada\",\"item\":\"https:\/\/apademar.org\/en\/\"},{\"@type\":\"ListItem\",\"position\":2,\"name\":\"Members\"}]},{\"@type\":\"WebSite\",\"@id\":\"\/#website\",\"url\":\"\/\",\"name\":\"Apademar\",\"description\":\"\",\"publisher\":{\"@id\":\"\/#organization\"},\"potentialAction\":[{\"@type\":\"SearchAction\",\"target\":{\"@type\":\"EntryPoint\",\"urlTemplate\":\"\/?s={search_term_string}\"},\"query-input\":{\"@type\":\"PropertyValueSpecification\",\"valueRequired\":true,\"valueName\":\"search_term_string\"}}],\"inLanguage\":\"en-US\"},{\"@type\":\"Organization\",\"@id\":\"\/#organization\",\"name\":\"Apademar\",\"url\":\"\/\",\"logo\":{\"@type\":\"ImageObject\",\"inLanguage\":\"en-US\",\"@id\":\"\/#\/schema\/logo\/image\/\",\"url\":\"http:\/\/apademar.org\/wp-content\/uploads\/2020\/05\/logo.png\",\"contentUrl\":\"http:\/\/apademar.org\/wp-content\/uploads\/2020\/05\/logo.png\",\"width\":289,\"height\":263,\"caption\":\"Apademar\"},\"image\":{\"@id\":\"\/#\/schema\/logo\/image\/\"}}]}<\/script>\n<!-- \/ Yoast SEO plugin. -->","yoast_head_json":{"title":"Members - Apademar","description":"La Asociaci\u00f3n Paname\u00f1a de Derecho Mar\u00edtimo (APADEMAR) es una asociaci\u00f3n sin fines de lucro que agrupa, entre otros, a los profesionales del derecho que ejercen dentro del campo de derecho mar\u00edtimo.","robots":{"index":"index","follow":"follow","max-snippet":"max-snippet:-1","max-image-preview":"max-image-preview:large","max-video-preview":"max-video-preview:-1"},"canonical":"https:\/\/apademar.org\/en\/members\/","og_locale":"en_US","og_type":"article","og_title":"Members - Apademar","og_description":"La Asociaci\u00f3n Paname\u00f1a de Derecho Mar\u00edtimo (APADEMAR) es una asociaci\u00f3n sin fines de lucro que agrupa, entre otros, a los profesionales del derecho que ejercen dentro del campo de derecho mar\u00edtimo.","og_url":"https:\/\/apademar.org\/en\/members\/","og_site_name":"Apademar","article_modified_time":"2020-05-29T17:55:45+00:00","twitter_card":"summary_large_image","schema":{"@context":"https:\/\/schema.org","@graph":[{"@type":"WebPage","@id":"https:\/\/apademar.org\/en\/members\/","url":"https:\/\/apademar.org\/en\/members\/","name":"Members - Apademar","isPartOf":{"@id":"\/#website"},"datePublished":"2020-01-23T20:59:21+00:00","dateModified":"2020-05-29T17:55:45+00:00","description":"La Asociaci\u00f3n Paname\u00f1a de Derecho Mar\u00edtimo (APADEMAR) es una asociaci\u00f3n sin fines de lucro que agrupa, entre otros, a los profesionales del derecho que ejercen dentro del campo de derecho mar\u00edtimo.","breadcrumb":{"@id":"https:\/\/apademar.org\/en\/members\/#breadcrumb"},"inLanguage":"en-US","potentialAction":[{"@type":"ReadAction","target":["https:\/\/apademar.org\/en\/members\/"]}]},{"@type":"BreadcrumbList","@id":"https:\/\/apademar.org\/en\/members\/#breadcrumb","itemListElement":[{"@type":"ListItem","position":1,"name":"Portada","item":"https:\/\/apademar.org\/en\/"},{"@type":"ListItem","position":2,"name":"Members"}]},{"@type":"WebSite","@id":"\/#website","url":"\/","name":"Apademar","description":"","publisher":{"@id":"\/#organization"},"potentialAction":[{"@type":"SearchAction","target":{"@type":"EntryPoint","urlTemplate":"\/?s={search_term_string}"},"query-input":{"@type":"PropertyValueSpecification","valueRequired":true,"valueName":"search_term_string"}}],"inLanguage":"en-US"},{"@type":"Organization","@id":"\/#organization","name":"Apademar","url":"\/","logo":{"@type":"ImageObject","inLanguage":"en-US","@id":"\/#\/schema\/logo\/image\/","url":"http:\/\/apademar.org\/wp-content\/uploads\/2020\/05\/logo.png","contentUrl":"http:\/\/apademar.org\/wp-content\/uploads\/2020\/05\/logo.png","width":289,"height":263,"caption":"Apademar"},"image":{"@id":"\/#\/schema\/logo\/image\/"}}]}},"_links":{"self":[{"href":"https:\/\/apademar.org\/en\/wp-json\/wp\/v2\/pages\/1951","targetHints":{"allow":["GET"]}}],"collection":[{"href":"https:\/\/apademar.org\/en\/wp-json\/wp\/v2\/pages"}],"about":[{"href":"https:\/\/apademar.org\/en\/wp-json\/wp\/v2\/types\/page"}],"author":[{"embeddable":true,"href":"https:\/\/apademar.org\/en\/wp-json\/wp\/v2\/users\/1"}],"replies":[{"embeddable":true,"href":"https:\/\/apademar.org\/en\/wp-json\/wp\/v2\/comments?post=1951"}],"version-history":[{"count":0,"href":"https:\/\/apademar.org\/en\/wp-json\/wp\/v2\/pages\/1951\/revisions"}],"wp:attachment":[{"href":"https:\/\/apademar.org\/en\/wp-json\/wp\/v2\/media?parent=1951"}],"curies":[{"name":"wp","href":"https:\/\/api.w.org\/{rel}","templated":true}]}}