{"id":3232,"date":"2020-05-12T15:56:27","date_gmt":"2020-05-12T15:56:27","guid":{"rendered":"http:\/\/52.207.246.101\/?page_id=3232"},"modified":"2020-05-29T17:30:24","modified_gmt":"2020-05-29T17:30:24","slug":"home","status":"publish","type":"page","link":"https:\/\/apademar.org\/en\/","title":{"rendered":"Home"},"content":{"rendered":"<div class=\"wpb-content-wrapper\"><p>[vc_row][vc_column]\n\t\t\t<!-- START Home Slider  EN REVOLUTION SLIDER 6.7.38 --><p class=\"rs-p-wp-fix\"><\/p>\n\t\t\t<rs-module-wrap id=\"rev_slider_7_1_wrapper\" data-source=\"gallery\" style=\"visibility:hidden;background:transparent;padding:0;margin:0px auto;margin-top:0;margin-bottom:0;\">\n\t\t\t\t<rs-module id=\"rev_slider_7_1\" style=\"\" data-version=\"6.7.38\">\n\t\t\t\t\t<rs-slides style=\"overflow: hidden; position: absolute;\">\n\t\t\t\t\t\t<rs-slide style=\"position: absolute;\" data-key=\"rs-20\" data-title=\"Slide\" data-anim=\"ms:1000;r:0;\" data-in=\"o:0;\" data-out=\"a:false;\">\n\t\t\t\t\t\t\t<img decoding=\"async\" src=\"\/\/apademar.org\/wp-content\/plugins\/revslider\/sr6\/assets\/assets\/dummy.png\" alt=\"\" title=\"apademar-black-30op\" width=\"1980\" height=\"938\" class=\"rev-slidebg tp-rs-img rs-lazyload\" data-lazyload=\"\/\/apademar.org\/wp-content\/uploads\/2020\/10\/apademar-black-30op.jpg\" data-no-retina>\n<!--\n\t\t\t\t\t\t\t--><h1\n\t\t\t\t\t\t\t\tid=\"slider-7-slide-20-layer-3\" \n\t\t\t\t\t\t\t\tclass=\"rs-layer h-slider-title\"\n\t\t\t\t\t\t\t\tdata-type=\"text\"\n\t\t\t\t\t\t\t\tdata-color=\"#fff\"\n\t\t\t\t\t\t\t\tdata-rsp_ch=\"on\"\n\t\t\t\t\t\t\t\tdata-xy=\"x:l,c,c,c;xo:0,5px,0,0;yo:153px,111px,178px,210px;\"\n\t\t\t\t\t\t\t\tdata-text=\"w:normal;s:52,42,36,20;l:60,49,42,22;ls:-1,0,0,0;fw:600;a:left,left,center,center;\"\n\t\t\t\t\t\t\t\tdata-dim=\"w:747px,1013px,891px,470px;h:auto,74px,auto,27px;minh:0,none,none,none;\"\n\t\t\t\t\t\t\t\tdata-wrpcls=\"titulo-banner\"\n\t\t\t\t\t\t\t\tdata-frame_999=\"o:0;st:w;\"\n\t\t\t\t\t\t\t\tstyle=\"z-index:10;font-family:'Poppins';text-transform:uppercase;\"\n\t\t\t\t\t\t\t>Panamanian Association of Maritime Law \n\t\t\t\t\t\t\t<\/h1><!--\n\n\t\t\t\t\t\t\t--><p\n\t\t\t\t\t\t\t\tid=\"slider-7-slide-20-layer-6\" \n\t\t\t\t\t\t\t\tclass=\"rs-layer h-slider-desc\"\n\t\t\t\t\t\t\t\tdata-type=\"text\"\n\t\t\t\t\t\t\t\tdata-color=\"#fff\"\n\t\t\t\t\t\t\t\tdata-rsp_ch=\"on\"\n\t\t\t\t\t\t\t\tdata-xy=\"x:l,c,c,c;xo:0,0,0,3px;y:t,m,m,m;yo:290px,0,2px,0;\"\n\t\t\t\t\t\t\t\tdata-text=\"w:normal;s:19,24,20,18;l:26,33,28,20;ls:2px,2px,1px,0px;a:left,left,center,center;\"\n\t\t\t\t\t\t\t\tdata-dim=\"w:766px,1020px,839px,477px;h:104px,111px,90px,81px;minh:0,none,none,none;\"\n\t\t\t\t\t\t\t\tdata-wrpcls=\"parrafo-banner\"\n\t\t\t\t\t\t\t\tdata-frame_999=\"o:0;st:w;\"\n\t\t\t\t\t\t\t\tstyle=\"z-index:11;font-family:'Poppins';\"\n\t\t\t\t\t\t\t>The Panamanian Maritime Law Association (APADEMAR for its name in Spanish) is a nonprofit association gathering inter alia, legal professionals practicing in the field of maritime law. \n\t\t\t\t\t\t\t<\/p><!--\n\n\t\t\t\t\t\t\t--><a\n\t\t\t\t\t\t\t\tid=\"slider-7-slide-20-layer-7\" \n\t\t\t\t\t\t\t\tclass=\"rs-layer rev-btn\"\n\t\t\t\t\t\t\t\thref=\"\/en\/about-us\/\" target=\"_self\" rel=\"nofollow\"\n\t\t\t\t\t\t\t\tdata-type=\"button\"\n\t\t\t\t\t\t\t\tdata-rsp_ch=\"on\"\n\t\t\t\t\t\t\t\tdata-xy=\"xo:0,285px,278px,129px;yo:410px,525px,421px,423px;\"\n\t\t\t\t\t\t\t\tdata-text=\"w:normal;s:14,18,15,14;l:40,51,44,22;ls:NaN;fw:500;\"\n\t\t\t\t\t\t\t\tdata-dim=\"minh:0px,none,none,none;\"\n\t\t\t\t\t\t\t\tdata-wrpcls=\"btn-1-banner\"\n\t\t\t\t\t\t\t\tdata-padding=\"r:40,52,45,24;l:40,52,45,24;\"\n\t\t\t\t\t\t\t\tdata-border=\"bor:3px,3px,3px,3px;\"\n\t\t\t\t\t\t\t\tdata-frame_0=\"x:NaN;y:NaN;\"\n\t\t\t\t\t\t\t\tdata-frame_1=\"x:NaN;y:NaN;\"\n\t\t\t\t\t\t\t\tdata-frame_999=\"o:0;st:w;\"\n\t\t\t\t\t\t\t\tdata-frame_hover=\"bgc:#1f3d7c;bor:3px,3px,3px,3px;sp:100;e:power1.inOut;bri:120%;\"\n\t\t\t\t\t\t\t\tstyle=\"z-index:8;background-color:#00afbd;font-family:'Roboto';\"\n\t\t\t\t\t\t\t>ABOUT US \n\t\t\t\t\t\t\t<\/a><!--\n\n\t\t\t\t\t\t\t--><a\n\t\t\t\t\t\t\t\tid=\"slider-7-slide-20-layer-9\" \n\t\t\t\t\t\t\t\tclass=\"rs-layer rev-btn\"\n\t\t\t\t\t\t\t\thref=\"\/en\/eventos\/\" target=\"_self\" rel=\"nofollow\"\n\t\t\t\t\t\t\t\tdata-type=\"button\"\n\t\t\t\t\t\t\t\tdata-color=\"#0c0c0c\"\n\t\t\t\t\t\t\t\tdata-rsp_ch=\"on\"\n\t\t\t\t\t\t\t\tdata-xy=\"x:l,c,c,c;xo:165px,197px,128px,67px;yo:410px,525px,419px,421px;\"\n\t\t\t\t\t\t\t\tdata-text=\"w:normal;s:14,18,15,14;l:40,51,44,22;ls:NaN;fw:500;\"\n\t\t\t\t\t\t\t\tdata-dim=\"minh:0px,none,none,none;\"\n\t\t\t\t\t\t\t\tdata-wrpcls=\"btn-2-banner\"\n\t\t\t\t\t\t\t\tdata-padding=\"r:40,52,45,24;l:40,52,45,24;\"\n\t\t\t\t\t\t\t\tdata-border=\"bor:3px,3px,3px,3px;\"\n\t\t\t\t\t\t\t\tdata-frame_0=\"x:NaN;y:NaN;\"\n\t\t\t\t\t\t\t\tdata-frame_1=\"x:NaN;y:NaN;\"\n\t\t\t\t\t\t\t\tdata-frame_999=\"o:0;st:w;\"\n\t\t\t\t\t\t\t\tdata-frame_hover=\"c:#fff;bgc:#1f3d7c;bor:3px,3px,3px,3px;sp:100;e:power1.inOut;bri:120%;\"\n\t\t\t\t\t\t\t\tstyle=\"z-index:9;background-color:#ffffff;font-family:'Roboto';\"\n\t\t\t\t\t\t\t>EVENTS \n\t\t\t\t\t\t\t<\/a><!--\n-->\t\t\t\t\t<\/rs-slide>\n\t\t\t\t\t<\/rs-slides>\n\t\t\t\t<\/rs-module>\n\t\t\t\t<script>\n\t\t\t\t\tsetREVStartSize({c: 'rev_slider_7_1',rl:[1240,1024,778,480],el:[640,768,640,620],gw:[790,1024,892,480],gh:[640,768,640,620],type:'standard',justify:'',layout:'fullwidth',mh:\"0\"});if (window.RS_MODULES!==undefined && window.RS_MODULES.modules!==undefined && window.RS_MODULES.modules[\"revslider71\"]!==undefined) {window.RS_MODULES.modules[\"revslider71\"].once = false;window.revapi7 = undefined;if (window.RS_MODULES.checkMinimal!==undefined) window.RS_MODULES.checkMinimal()}\n\t\t\t\t<\/script>\n\t\t\t<\/rs-module-wrap>\n\t\t\t<!-- END REVOLUTION SLIDER -->\n[\/vc_column][\/vc_row][vc_row full_width=&#8221;stretch_row&#8221; css=&#8221;.vc_custom_1580325321847{padding-top: 61px !important;padding-bottom: 120px !important;background-color: #f2f2f2 !important;}&#8221;][vc_column][vc_custom_heading text=&#8221;Connections&#8221; use_theme_fonts=&#8221;yes&#8221; css=&#8221;.vc_custom_1589398038245{margin-bottom: 30px !important;}&#8221;][vc_column_text]<\/p>\n<p style=\"text-align: justify;\">As an active association we maintain constant participation in national affairs and have suggested the introduction of different rules that have become laws of the Republic of Panama, thus greatly contributing to the growth of the Panamanian Merchant Marine and the establishment of Panama as a World Forum for the arrest of ships.<\/p>\n<p>[\/vc_column_text][stm_spacing lg_spacing=&#8221;12&#8243; md_spacing=&#8221;12&#8243; sm_spacing=&#8221;12&#8243; xs_spacing=&#8221;12&#8243;][stm_image_carousel grayscale=&#8221;yes&#8221; img_size=&#8221;&#8221; autoplay=&#8221;yes&#8221; loop=&#8221;yes&#8221; items=&#8221;7&#8243; link=&#8221;url:%2Flayout-6%2Fcompany-overview%2Four-partners%2F||&#8221; images=&#8221;3010,3008,2998,3004,3006,3002,3112&#8243; custom_links=&#8221;#E-8_aHR0cHMlM0ElMkYlMkZhbXAuZ29iLnBhJTJGJTJDaHR0cHMlM0ElMkYlMkZhcmFwLmdvYi5wYSUyRiUyQ2h0dHBzJTNBJTJGJTJGbWljYW5hbGRlcGFuYW1hLmNvbSUyRiUyQ2h0dHBzJTNBJTJGJTJGY29taXRlbWFyaXRpbWUub3JnJTJGJTJDaHR0cHMlM0ElMkYlMkZ3d3cudW1pcC5hYy5wYSUyRiUyQ2h0dHAlM0ElMkYlMkZjb2VscGFuYW1hLm9yZyUyRiUyQ2h0dHAlM0ElMkYlMkZjZWNvbWFwLm9yZyUyRg==&#8221;][stm_spacing lg_spacing=&#8221;12&#8243; md_spacing=&#8221;12&#8243; sm_spacing=&#8221;12&#8243; xs_spacing=&#8221;12&#8243;][\/vc_column][\/vc_row]<\/p>\n<\/div>","protected":false},"excerpt":{"rendered":"<p>[vc_row][vc_column][\/vc_column][\/vc_row][vc_row full_width=&#8221;stretch_row&#8221; css=&#8221;.vc_custom_1580325321847{padding-top: 61px !important;padding-bottom: 120px !important;background-color: #f2f2f2 !important;}&#8221;][vc_column][vc_custom_heading text=&#8221;Connections&#8221; use_theme_fonts=&#8221;yes&#8221; css=&#8221;.vc_custom_1589398038245{margin-bottom: 30px !important;}&#8221;][vc_column_text] As an active association we maintain constant participation in national affairs and have suggested the introduction of different rules that have become laws of the Republic of Panama, thus greatly contributing to the growth of the Panamanian Merchant Marine and the<\/p>\n","protected":false},"author":1,"featured_media":0,"parent":0,"menu_order":0,"comment_status":"closed","ping_status":"closed","template":"","meta":{"footnotes":""},"class_list":["post-3232","page","type-page","status-publish","hentry"],"yoast_head":"<!-- This site is optimized with the Yoast SEO plugin v26.6 - https:\/\/yoast.com\/wordpress\/plugins\/seo\/ -->\n<title>Home - Apademar<\/title>\n<meta name=\"description\" content=\"La Asociaci\u00f3n Paname\u00f1a de Derecho Mar\u00edtimo (APADEMAR) es una asociaci\u00f3n sin fines de lucro que agrupa, entre otros, a los profesionales del derecho que ejercen dentro del campo de derecho mar\u00edtimo.\" \/>\n<meta name=\"robots\" content=\"index, follow, max-snippet:-1, max-image-preview:large, max-video-preview:-1\" \/>\n<link rel=\"canonical\" href=\"https:\/\/apademar.org\/en\/\" \/>\n<meta property=\"og:locale\" content=\"en_US\" \/>\n<meta property=\"og:type\" content=\"article\" \/>\n<meta property=\"og:title\" content=\"Home - Apademar\" \/>\n<meta property=\"og:description\" content=\"La Asociaci\u00f3n Paname\u00f1a de Derecho Mar\u00edtimo (APADEMAR) es una asociaci\u00f3n sin fines de lucro que agrupa, entre otros, a los profesionales del derecho que ejercen dentro del campo de derecho mar\u00edtimo.\" \/>\n<meta property=\"og:url\" content=\"https:\/\/apademar.org\/en\/\" \/>\n<meta property=\"og:site_name\" content=\"Apademar\" \/>\n<meta property=\"article:modified_time\" content=\"2020-05-29T17:30:24+00:00\" \/>\n<meta name=\"twitter:card\" content=\"summary_large_image\" \/>\n<meta name=\"twitter:label1\" content=\"Est. reading time\" \/>\n\t<meta name=\"twitter:data1\" content=\"1 minute\" \/>\n<script type=\"application\/ld+json\" class=\"yoast-schema-graph\">{\"@context\":\"https:\/\/schema.org\",\"@graph\":[{\"@type\":\"WebPage\",\"@id\":\"https:\/\/apademar.org\/en\/\",\"url\":\"https:\/\/apademar.org\/en\/\",\"name\":\"Home - Apademar\",\"isPartOf\":{\"@id\":\"\/#website\"},\"datePublished\":\"2020-05-12T15:56:27+00:00\",\"dateModified\":\"2020-05-29T17:30:24+00:00\",\"description\":\"La Asociaci\u00f3n Paname\u00f1a de Derecho Mar\u00edtimo (APADEMAR) es una asociaci\u00f3n sin fines de lucro que agrupa, entre otros, a los profesionales del derecho que ejercen dentro del campo de derecho mar\u00edtimo.\",\"breadcrumb\":{\"@id\":\"https:\/\/apademar.org\/en\/#breadcrumb\"},\"inLanguage\":\"en-US\",\"potentialAction\":[{\"@type\":\"ReadAction\",\"target\":[\"https:\/\/apademar.org\/en\/\"]}]},{\"@type\":\"BreadcrumbList\",\"@id\":\"https:\/\/apademar.org\/en\/#breadcrumb\",\"itemListElement\":[{\"@type\":\"ListItem\",\"position\":1,\"name\":\"Portada\",\"item\":\"https:\/\/apademar.org\/en\/\"},{\"@type\":\"ListItem\",\"position\":2,\"name\":\"Home\"}]},{\"@type\":\"WebSite\",\"@id\":\"\/#website\",\"url\":\"\/\",\"name\":\"Apademar\",\"description\":\"\",\"publisher\":{\"@id\":\"\/#organization\"},\"potentialAction\":[{\"@type\":\"SearchAction\",\"target\":{\"@type\":\"EntryPoint\",\"urlTemplate\":\"\/?s={search_term_string}\"},\"query-input\":{\"@type\":\"PropertyValueSpecification\",\"valueRequired\":true,\"valueName\":\"search_term_string\"}}],\"inLanguage\":\"en-US\"},{\"@type\":\"Organization\",\"@id\":\"\/#organization\",\"name\":\"Apademar\",\"url\":\"\/\",\"logo\":{\"@type\":\"ImageObject\",\"inLanguage\":\"en-US\",\"@id\":\"\/#\/schema\/logo\/image\/\",\"url\":\"http:\/\/apademar.org\/wp-content\/uploads\/2020\/05\/logo.png\",\"contentUrl\":\"http:\/\/apademar.org\/wp-content\/uploads\/2020\/05\/logo.png\",\"width\":289,\"height\":263,\"caption\":\"Apademar\"},\"image\":{\"@id\":\"\/#\/schema\/logo\/image\/\"}}]}<\/script>\n<!-- \/ Yoast SEO plugin. -->","yoast_head_json":{"title":"Home - Apademar","description":"La Asociaci\u00f3n Paname\u00f1a de Derecho Mar\u00edtimo (APADEMAR) es una asociaci\u00f3n sin fines de lucro que agrupa, entre otros, a los profesionales del derecho que ejercen dentro del campo de derecho mar\u00edtimo.","robots":{"index":"index","follow":"follow","max-snippet":"max-snippet:-1","max-image-preview":"max-image-preview:large","max-video-preview":"max-video-preview:-1"},"canonical":"https:\/\/apademar.org\/en\/","og_locale":"en_US","og_type":"article","og_title":"Home - Apademar","og_description":"La Asociaci\u00f3n Paname\u00f1a de Derecho Mar\u00edtimo (APADEMAR) es una asociaci\u00f3n sin fines de lucro que agrupa, entre otros, a los profesionales del derecho que ejercen dentro del campo de derecho mar\u00edtimo.","og_url":"https:\/\/apademar.org\/en\/","og_site_name":"Apademar","article_modified_time":"2020-05-29T17:30:24+00:00","twitter_card":"summary_large_image","twitter_misc":{"Est. reading time":"1 minute"},"schema":{"@context":"https:\/\/schema.org","@graph":[{"@type":"WebPage","@id":"https:\/\/apademar.org\/en\/","url":"https:\/\/apademar.org\/en\/","name":"Home - Apademar","isPartOf":{"@id":"\/#website"},"datePublished":"2020-05-12T15:56:27+00:00","dateModified":"2020-05-29T17:30:24+00:00","description":"La Asociaci\u00f3n Paname\u00f1a de Derecho Mar\u00edtimo (APADEMAR) es una asociaci\u00f3n sin fines de lucro que agrupa, entre otros, a los profesionales del derecho que ejercen dentro del campo de derecho mar\u00edtimo.","breadcrumb":{"@id":"https:\/\/apademar.org\/en\/#breadcrumb"},"inLanguage":"en-US","potentialAction":[{"@type":"ReadAction","target":["https:\/\/apademar.org\/en\/"]}]},{"@type":"BreadcrumbList","@id":"https:\/\/apademar.org\/en\/#breadcrumb","itemListElement":[{"@type":"ListItem","position":1,"name":"Portada","item":"https:\/\/apademar.org\/en\/"},{"@type":"ListItem","position":2,"name":"Home"}]},{"@type":"WebSite","@id":"\/#website","url":"\/","name":"Apademar","description":"","publisher":{"@id":"\/#organization"},"potentialAction":[{"@type":"SearchAction","target":{"@type":"EntryPoint","urlTemplate":"\/?s={search_term_string}"},"query-input":{"@type":"PropertyValueSpecification","valueRequired":true,"valueName":"search_term_string"}}],"inLanguage":"en-US"},{"@type":"Organization","@id":"\/#organization","name":"Apademar","url":"\/","logo":{"@type":"ImageObject","inLanguage":"en-US","@id":"\/#\/schema\/logo\/image\/","url":"http:\/\/apademar.org\/wp-content\/uploads\/2020\/05\/logo.png","contentUrl":"http:\/\/apademar.org\/wp-content\/uploads\/2020\/05\/logo.png","width":289,"height":263,"caption":"Apademar"},"image":{"@id":"\/#\/schema\/logo\/image\/"}}]}},"_links":{"self":[{"href":"https:\/\/apademar.org\/en\/wp-json\/wp\/v2\/pages\/3232","targetHints":{"allow":["GET"]}}],"collection":[{"href":"https:\/\/apademar.org\/en\/wp-json\/wp\/v2\/pages"}],"about":[{"href":"https:\/\/apademar.org\/en\/wp-json\/wp\/v2\/types\/page"}],"author":[{"embeddable":true,"href":"https:\/\/apademar.org\/en\/wp-json\/wp\/v2\/users\/1"}],"replies":[{"embeddable":true,"href":"https:\/\/apademar.org\/en\/wp-json\/wp\/v2\/comments?post=3232"}],"version-history":[{"count":0,"href":"https:\/\/apademar.org\/en\/wp-json\/wp\/v2\/pages\/3232\/revisions"}],"wp:attachment":[{"href":"https:\/\/apademar.org\/en\/wp-json\/wp\/v2\/media?parent=3232"}],"curies":[{"name":"wp","href":"https:\/\/api.w.org\/{rel}","templated":true}]}}