{"id":3281,"date":"2020-05-12T19:04:02","date_gmt":"2020-05-12T19:04:02","guid":{"rendered":"http:\/\/52.207.246.101\/?page_id=3281"},"modified":"2020-05-29T14:18:23","modified_gmt":"2020-05-29T14:18:23","slug":"legislation-and-documents","status":"publish","type":"page","link":"https:\/\/apademar.org\/en\/legislation-and-documents\/","title":{"rendered":"Legislation and Documents"},"content":{"rendered":"<div class=\"wpb-content-wrapper\"><p>[vc_row css=&#8221;.vc_custom_1589311651763{margin-bottom: 50px !important;padding-top: 60px !important;padding-bottom: 40px !important;}&#8221;][vc_column][vc_tta_tabs active_section=&#8221;1&#8243;][vc_tta_section i_icon_fontawesome=&#8221;stm-glob-building&#8221; add_icon=&#8221;true&#8221; title=&#8221;Legislation&#8221; tab_id=&#8221;1580416993324-ce5cc166-b092&#8243; el_class=&#8221;tab-category&#8221;][stm_events events_filter=&#8221;all&#8221; category=&#8221;legislacion&#8221; event_style=&#8221;modern&#8221; posts_per_page=&#8221;9&#8243;][\/vc_tta_section][vc_tta_section i_icon_fontawesome=&#8221;stm-glob-pdf&#8221; add_icon=&#8221;true&#8221; title=&#8221;Documents of Interest&#8221; tab_id=&#8221;1580416993334-755e8323-3f7d&#8221; el_class=&#8221;tab-category&#8221;][stm_events events_filter=&#8221;all&#8221; category=&#8221;documentos-de-interes&#8221; event_style=&#8221;modern&#8221; posts_per_page=&#8221;9&#8243;][\/vc_tta_section][\/vc_tta_tabs][\/vc_column][\/vc_row]<\/p>\n<\/div>","protected":false},"excerpt":{"rendered":"<p>[vc_row css=&#8221;.vc_custom_1589311651763{margin-bottom: 50px !important;padding-top: 60px !important;padding-bottom: 40px !important;}&#8221;][vc_column][vc_tta_tabs active_section=&#8221;1&#8243;][vc_tta_section i_icon_fontawesome=&#8221;stm-glob-building&#8221; add_icon=&#8221;true&#8221; title=&#8221;Legislation&#8221; tab_id=&#8221;1580416993324-ce5cc166-b092&#8243; el_class=&#8221;tab-category&#8221;][stm_events events_filter=&#8221;all&#8221; category=&#8221;legislacion&#8221; event_style=&#8221;modern&#8221; posts_per_page=&#8221;9&#8243;][\/vc_tta_section][vc_tta_section i_icon_fontawesome=&#8221;stm-glob-pdf&#8221; add_icon=&#8221;true&#8221; title=&#8221;Documents of Interest&#8221; tab_id=&#8221;1580416993334-755e8323-3f7d&#8221; el_class=&#8221;tab-category&#8221;][stm_events events_filter=&#8221;all&#8221; category=&#8221;documentos-de-interes&#8221; event_style=&#8221;modern&#8221; posts_per_page=&#8221;9&#8243;][\/vc_tta_section][\/vc_tta_tabs][\/vc_column][\/vc_row]<\/p>\n","protected":false},"author":1,"featured_media":0,"parent":0,"menu_order":0,"comment_status":"closed","ping_status":"closed","template":"","meta":{"footnotes":""},"class_list":["post-3281","page","type-page","status-publish","hentry"],"yoast_head":"<!-- This site is optimized with the Yoast SEO plugin v26.6 - https:\/\/yoast.com\/wordpress\/plugins\/seo\/ -->\n<title>Legislation and Documents - Apademar<\/title>\n<meta name=\"description\" content=\"La Asociaci\u00f3n Paname\u00f1a de Derecho Mar\u00edtimo (APADEMAR) es una asociaci\u00f3n sin fines de lucro que agrupa, entre otros, a los profesionales del derecho que ejercen dentro del campo de derecho mar\u00edtimo.\" \/>\n<meta name=\"robots\" content=\"index, follow, max-snippet:-1, max-image-preview:large, max-video-preview:-1\" \/>\n<link rel=\"canonical\" href=\"https:\/\/apademar.org\/en\/legislation-and-documents\/\" \/>\n<meta property=\"og:locale\" content=\"en_US\" \/>\n<meta property=\"og:type\" content=\"article\" \/>\n<meta property=\"og:title\" content=\"Legislation and Documents - Apademar\" \/>\n<meta property=\"og:description\" content=\"La Asociaci\u00f3n Paname\u00f1a de Derecho Mar\u00edtimo (APADEMAR) es una asociaci\u00f3n sin fines de lucro que agrupa, entre otros, a los profesionales del derecho que ejercen dentro del campo de derecho mar\u00edtimo.\" \/>\n<meta property=\"og:url\" content=\"https:\/\/apademar.org\/en\/legislation-and-documents\/\" \/>\n<meta property=\"og:site_name\" content=\"Apademar\" \/>\n<meta property=\"article:modified_time\" content=\"2020-05-29T14:18:23+00:00\" \/>\n<meta name=\"twitter:card\" content=\"summary_large_image\" \/>\n<meta name=\"twitter:label1\" content=\"Est. reading time\" \/>\n\t<meta name=\"twitter:data1\" content=\"1 minute\" \/>\n<script type=\"application\/ld+json\" class=\"yoast-schema-graph\">{\"@context\":\"https:\/\/schema.org\",\"@graph\":[{\"@type\":\"WebPage\",\"@id\":\"https:\/\/apademar.org\/en\/legislation-and-documents\/\",\"url\":\"https:\/\/apademar.org\/en\/legislation-and-documents\/\",\"name\":\"Legislation and Documents - Apademar\",\"isPartOf\":{\"@id\":\"\/#website\"},\"datePublished\":\"2020-05-12T19:04:02+00:00\",\"dateModified\":\"2020-05-29T14:18:23+00:00\",\"description\":\"La Asociaci\u00f3n Paname\u00f1a de Derecho Mar\u00edtimo (APADEMAR) es una asociaci\u00f3n sin fines de lucro que agrupa, entre otros, a los profesionales del derecho que ejercen dentro del campo de derecho mar\u00edtimo.\",\"breadcrumb\":{\"@id\":\"https:\/\/apademar.org\/en\/legislation-and-documents\/#breadcrumb\"},\"inLanguage\":\"en-US\",\"potentialAction\":[{\"@type\":\"ReadAction\",\"target\":[\"https:\/\/apademar.org\/en\/legislation-and-documents\/\"]}]},{\"@type\":\"BreadcrumbList\",\"@id\":\"https:\/\/apademar.org\/en\/legislation-and-documents\/#breadcrumb\",\"itemListElement\":[{\"@type\":\"ListItem\",\"position\":1,\"name\":\"Portada\",\"item\":\"https:\/\/apademar.org\/en\/\"},{\"@type\":\"ListItem\",\"position\":2,\"name\":\"Legislation and Documents\"}]},{\"@type\":\"WebSite\",\"@id\":\"\/#website\",\"url\":\"\/\",\"name\":\"Apademar\",\"description\":\"\",\"publisher\":{\"@id\":\"\/#organization\"},\"potentialAction\":[{\"@type\":\"SearchAction\",\"target\":{\"@type\":\"EntryPoint\",\"urlTemplate\":\"\/?s={search_term_string}\"},\"query-input\":{\"@type\":\"PropertyValueSpecification\",\"valueRequired\":true,\"valueName\":\"search_term_string\"}}],\"inLanguage\":\"en-US\"},{\"@type\":\"Organization\",\"@id\":\"\/#organization\",\"name\":\"Apademar\",\"url\":\"\/\",\"logo\":{\"@type\":\"ImageObject\",\"inLanguage\":\"en-US\",\"@id\":\"\/#\/schema\/logo\/image\/\",\"url\":\"http:\/\/apademar.org\/wp-content\/uploads\/2020\/05\/logo.png\",\"contentUrl\":\"http:\/\/apademar.org\/wp-content\/uploads\/2020\/05\/logo.png\",\"width\":289,\"height\":263,\"caption\":\"Apademar\"},\"image\":{\"@id\":\"\/#\/schema\/logo\/image\/\"}}]}<\/script>\n<!-- \/ Yoast SEO plugin. -->","yoast_head_json":{"title":"Legislation and Documents - Apademar","description":"La Asociaci\u00f3n Paname\u00f1a de Derecho Mar\u00edtimo (APADEMAR) es una asociaci\u00f3n sin fines de lucro que agrupa, entre otros, a los profesionales del derecho que ejercen dentro del campo de derecho mar\u00edtimo.","robots":{"index":"index","follow":"follow","max-snippet":"max-snippet:-1","max-image-preview":"max-image-preview:large","max-video-preview":"max-video-preview:-1"},"canonical":"https:\/\/apademar.org\/en\/legislation-and-documents\/","og_locale":"en_US","og_type":"article","og_title":"Legislation and Documents - Apademar","og_description":"La Asociaci\u00f3n Paname\u00f1a de Derecho Mar\u00edtimo (APADEMAR) es una asociaci\u00f3n sin fines de lucro que agrupa, entre otros, a los profesionales del derecho que ejercen dentro del campo de derecho mar\u00edtimo.","og_url":"https:\/\/apademar.org\/en\/legislation-and-documents\/","og_site_name":"Apademar","article_modified_time":"2020-05-29T14:18:23+00:00","twitter_card":"summary_large_image","twitter_misc":{"Est. reading time":"1 minute"},"schema":{"@context":"https:\/\/schema.org","@graph":[{"@type":"WebPage","@id":"https:\/\/apademar.org\/en\/legislation-and-documents\/","url":"https:\/\/apademar.org\/en\/legislation-and-documents\/","name":"Legislation and Documents - Apademar","isPartOf":{"@id":"\/#website"},"datePublished":"2020-05-12T19:04:02+00:00","dateModified":"2020-05-29T14:18:23+00:00","description":"La Asociaci\u00f3n Paname\u00f1a de Derecho Mar\u00edtimo (APADEMAR) es una asociaci\u00f3n sin fines de lucro que agrupa, entre otros, a los profesionales del derecho que ejercen dentro del campo de derecho mar\u00edtimo.","breadcrumb":{"@id":"https:\/\/apademar.org\/en\/legislation-and-documents\/#breadcrumb"},"inLanguage":"en-US","potentialAction":[{"@type":"ReadAction","target":["https:\/\/apademar.org\/en\/legislation-and-documents\/"]}]},{"@type":"BreadcrumbList","@id":"https:\/\/apademar.org\/en\/legislation-and-documents\/#breadcrumb","itemListElement":[{"@type":"ListItem","position":1,"name":"Portada","item":"https:\/\/apademar.org\/en\/"},{"@type":"ListItem","position":2,"name":"Legislation and Documents"}]},{"@type":"WebSite","@id":"\/#website","url":"\/","name":"Apademar","description":"","publisher":{"@id":"\/#organization"},"potentialAction":[{"@type":"SearchAction","target":{"@type":"EntryPoint","urlTemplate":"\/?s={search_term_string}"},"query-input":{"@type":"PropertyValueSpecification","valueRequired":true,"valueName":"search_term_string"}}],"inLanguage":"en-US"},{"@type":"Organization","@id":"\/#organization","name":"Apademar","url":"\/","logo":{"@type":"ImageObject","inLanguage":"en-US","@id":"\/#\/schema\/logo\/image\/","url":"http:\/\/apademar.org\/wp-content\/uploads\/2020\/05\/logo.png","contentUrl":"http:\/\/apademar.org\/wp-content\/uploads\/2020\/05\/logo.png","width":289,"height":263,"caption":"Apademar"},"image":{"@id":"\/#\/schema\/logo\/image\/"}}]}},"_links":{"self":[{"href":"https:\/\/apademar.org\/en\/wp-json\/wp\/v2\/pages\/3281","targetHints":{"allow":["GET"]}}],"collection":[{"href":"https:\/\/apademar.org\/en\/wp-json\/wp\/v2\/pages"}],"about":[{"href":"https:\/\/apademar.org\/en\/wp-json\/wp\/v2\/types\/page"}],"author":[{"embeddable":true,"href":"https:\/\/apademar.org\/en\/wp-json\/wp\/v2\/users\/1"}],"replies":[{"embeddable":true,"href":"https:\/\/apademar.org\/en\/wp-json\/wp\/v2\/comments?post=3281"}],"version-history":[{"count":0,"href":"https:\/\/apademar.org\/en\/wp-json\/wp\/v2\/pages\/3281\/revisions"}],"wp:attachment":[{"href":"https:\/\/apademar.org\/en\/wp-json\/wp\/v2\/media?parent=3281"}],"curies":[{"name":"wp","href":"https:\/\/api.w.org\/{rel}","templated":true}]}}